{"id":994,"date":"2020-09-08T09:15:51","date_gmt":"2020-09-08T09:15:51","guid":{"rendered":"https:\/\/dev.conorsadventure.com\/?page_id=994"},"modified":"2023-03-16T21:19:44","modified_gmt":"2023-03-16T20:19:44","slug":"zacetek-bloga","status":"publish","type":"page","link":"https:\/\/conorsadventure.si\/blog\/zacetek-bloga\/","title":{"rendered":"Za\u010detek bloga"},"content":{"rendered":"<p><strong>Najprej sva bila dva, z dvema rednima slu\u017ebama\u2026nato pa\u2026<\/strong><\/p>\n<div class=\"wpb_text_column wpb_content_element \">\n<div class=\"wpb_wrapper\">\n<h5><strong><img decoding=\"async\" loading=\"lazy\" class=\"alignright size-full wp-image-954\" src=\"https:\/\/conorsadventure.si\/blog\/wp-content\/uploads\/2020\/09\/Mi3je-prvic-2-577x512-1.jpg\" alt=\"\" width=\"577\" height=\"512\" srcset=\"https:\/\/conorsadventure.si\/blog\/wp-content\/uploads\/2020\/09\/Mi3je-prvic-2-577x512-1.jpg 577w, https:\/\/conorsadventure.si\/blog\/wp-content\/uploads\/2020\/09\/Mi3je-prvic-2-577x512-1-300x266.jpg 300w\" sizes=\"(max-width: 577px) 100vw, 577px\" \/><br \/>\n<\/strong><\/h5>\n<p>Sva Primo\u017e in Pija, mlad, zaljubljen in od decembra 2019 tudi zaro\u010den par. \u010ceprav naju okolica nenehno spra\u0161uje kdaj lahko pri\u010dakujejo nara\u0161\u010daj, sva si midva raje omislila psa. In to ne katerega koli psa, temve\u010d belgijskega ov\u010darja, razli\u010dico Malinois. Odlo\u010ditev ni padla iz danes na jutri, da se razumemo.<\/p>\n<p>Jaz sem si psa \u017eelela odkar pomnim, vendar sem se resno zavedala tudi vse odgovornosti, ki jo le-ta prina\u0161a. Odkar sva se s Primo\u017eem dogovorila, da stopiva na lastno poslovno pot (kako je pri\u0161lo do <a href=\"https:\/\/conorsadventure.si\/blog\/zacetek-avanture\" target=\"_blank\" rel=\"noopener noreferrer\">tega ve\u010d tukaj)<\/a> kar pomeni, da sem na\u010drtno ostala doma, je \u017eelja postala \u0161e ve\u010dja in pogovori glasnej\u0161i. Sprva sva razmi\u0161ljala o labradorcu, ali o ameri\u0161kem staffordshirskem terierju, toda, ko je Primo\u017e omenil, da si \u017ee od nekdaj \u017eeli \u00bbbelgijca\u00ab, sem se tudi jaz zaljubila v to pasmo.<\/p>\n<p>Sprva je bilo zgolj gledanje in ob\u010dudovanje razli\u010dnih \u00bbmalin\u00ab po Facebooku in Instagramu. No potem pa se je zgodil Covid-19 in lockdown in Primo\u017e je za\u010del z delom od doma. Bilo je zgolj vpra\u0161anje \u010dasa, kdaj bo tudi uradno padla odlo\u010ditev, po novem dru\u017einskem \u010dlanu.<\/p>\n<p>Za\u010dela sva iskati primernega vzreditelja, kot tudi se podrobneje izobra\u017eevati o pasmi. Glede na najin dokaj aktiven slog \u017eivljenja (ogromno se gibava, te\u010deva, hodiva na izlete) in prostor kjer \u017eiviva (velika hi\u0161a z vrtom), nama je postajala pasma kljub neizku\u0161enosti (sama za razliko od Primo\u017ea \u0161e nikoli nisem imela psa) vedno bolj v\u0161e\u010d. Tako je 15. aprila 2020 padla odlo\u010ditev in Primo\u017e je v psarno Hunt&#8217;N Catch nakazal aro za najinega prvega psa.<\/p>\n<h5><strong>Google ve vse, vendar ali mu lahko tudi zaupa\u0161?<\/strong><strong>\u00a0<\/strong><\/h5>\n<p>Za\u010deli so se tedni oz. dnevi od\u0161tevanja do prihoda kosmate kepice v najin dom. Vmes je bilo kar nekaj hudih trenutkov, ko sem spoznala \u2013 sej veste na internetu lahko prebere\u0161 \u00bbsva\u0161ta\u00ab \u2013 da ta pasma le ni tako nedol\u017ena. Ne razumite me narobe, o pasmi sva se podu\u010dila, ampak eno je, ko bere\u0161 teorijo oz. opis pasme, drugo, ko na tak\u0161nih in druga\u010dnih forumih prebere\u0161 izku\u0161nje raznih lastnikov. Na sre\u010do, sva uspela najti tudi nekaj kontaktov pasjih in\u0161truktorjev, ki so naju pomirili (oz. bolj so pomirili mene, kot Primo\u017ea), da je ob primerni vzgoji pasma super.<\/p>\n<p>Dnevi so minevali, jaz sem se posku\u0161ala \u010dim bolj izobra\u017eevati in se na novega \u010dlana krdela pripraviti \u010dim bolje. \u017dal sem poglavje o tem, da psi resni\u010dno \u010dutijo na\u0161o skrb, strah, nelagodje (ki se nam jasno ri\u0161e tudi na obraz) nekako pre\u0161pricala.<\/p>\n<p>Ko sva 7. junija 2020 v najin dom kon\u010dno prinesla to malo kosmato bitje, se mi sanjalo ni, da bodo naslednji dnevi zame prelomni\u2026prelomni v smislu soo\u010denja samega s seboj, kot z dejstvom, da je manj v\u010dasih ve\u010d. (Bolj\u0161e vedeti manj slabih izku\u0161enj \u2013 v mojem primeru \u2013 kot ve\u010d)<\/p>\n<h5><strong>Primo\u017e, jaz bi pisala blog. Res iskreno bi svetu povedala kako se za\u010detnik soo\u010di s to \u00bbgrozno\u00ab pasmo<\/strong><\/h5>\n<p>Pa sem za\u010dela pisati blog. Vedno mi je bilo pisanje bloga kar nekaj, \u010de\u0161 kdo to bere. No, \u010detudi bo najin blog pomagal eni osebi je moj oz. na\u0161 namen dose\u017een.<\/p>\n<p>Da se takoj na za\u010detku razumemo, prvi\u010d nisem oz. nisva kinologa, v pasjem svetu sva oba bolj kot ne za\u010detnika.<\/p>\n<p>Ampak\u2026, ker rada bereva, se izobra\u017eujeva, i\u0161\u010deva re\u0161itve, sva mnenja, da nama bo na koncu uspelo vzgojiti dobrega psa. Zakaj torej ne bi nekomu skraj\u0161ala ure in ure iskanja, filtriranja informacij na internetu, \u010de pa lahko na enem mestu najde vse, od za\u010detka (prihod mladi\u010da v nov dom) do tistega (\u010dim kasneje) konca.<\/p>\n<p>Da prav ste sli\u0161ali\u2026.<\/p>\n<p>Tukaj na tem mestu imate mo\u017enost da ste pri\u010da vsakodnevnim dogodiv\u0161\u010dinam, izzivom, uspehom in \u00bbfail-om\u00ab, pri vzgajanju najinega belgijca Conorja.<\/p>\n<h5>Nastanek znamke Conor&#8217;s Adventure<\/h5>\n<p>Skozi proces \u0161olanja psa in pisanja bloga sva s Primo\u017eem opazila, da v Sloveniji primanjkuje kvalitetne pasje opreme sploh pasjih torbic za \u0161olanje psa. Tekom \u017eivljenja s Conorjem in njegovega \u0161olanja se je po\u010dasi razvila pasja blagovna znamka Conor&#8217;s Adventure, katere celoten proces samega nastanka opisujem tudi v pasjih blogih.<\/p>\n<p>Namen in cilj znamke je ponuditi slovenskemu lastniku psa nekaj novega, druga\u010dnega, sploh pa kvalitetnega in inovativnega. Kar 90% na\u0161ih izdelkov je iz materiala, ki je primeren tudi za uporabo v najzahtevnej\u0161ih pogojih, kot je denimo vojska, alpinizem itd.<\/p>\n<p>Ne verjame\u0161? Preveri <a href=\"https:\/\/conorsadventure.si\" target=\"_blank\" rel=\"noopener noreferrer\">tukaj in se prepri\u010daj<\/a> \ud83d\ude09<\/p>\n<\/div>\n<\/div>\n<p>&nbsp;<\/p>\n","protected":false},"excerpt":{"rendered":"<p>Najprej sva bila dva, z dvema rednima slu\u017ebama\u2026nato pa\u2026 Sva Primo\u017e in Pija, mlad, zaljubljen&hellip;<\/p>\n<p> <a class=\"more-link\" href=\"https:\/\/conorsadventure.si\/blog\/zacetek-bloga\/\">Beri dalje<\/a><\/p>\n","protected":false},"author":990002,"featured_media":0,"parent":0,"menu_order":0,"comment_status":"closed","ping_status":"closed","template":"","meta":{"footnotes":""},"yoast_head":"<!-- This site is optimized with the Yoast SEO plugin v21.0 - https:\/\/yoast.com\/wordpress\/plugins\/seo\/ -->\n<title>Za\u010detek bloga - Conor&#039;s Adventure<\/title>\n<meta name=\"robots\" content=\"index, follow, max-snippet:-1, max-image-preview:large, max-video-preview:-1\" \/>\n<link rel=\"canonical\" href=\"https:\/\/conorsadventure.si\/blog\/zacetek-bloga\/\" \/>\n<meta property=\"og:locale\" content=\"sl_SI\" \/>\n<meta property=\"og:type\" content=\"article\" \/>\n<meta property=\"og:title\" content=\"Za\u010detek bloga - Conor&#039;s Adventure\" \/>\n<meta property=\"og:description\" content=\"Najprej sva bila dva, z dvema rednima slu\u017ebama\u2026nato pa\u2026 Sva Primo\u017e in Pija, mlad, zaljubljen&hellip;  Beri dalje\" \/>\n<meta property=\"og:url\" content=\"https:\/\/conorsadventure.si\/blog\/zacetek-bloga\/\" \/>\n<meta property=\"og:site_name\" content=\"Conor&#039;s Adventure\" \/>\n<meta property=\"article:modified_time\" content=\"2023-03-16T20:19:44+00:00\" \/>\n<meta property=\"og:image\" content=\"https:\/\/conorsadventure.si\/blog\/wp-content\/uploads\/2020\/09\/Mi3je-prvic-2-577x512-1.jpg\" \/>\n<meta name=\"twitter:card\" content=\"summary_large_image\" \/>\n<meta name=\"twitter:label1\" content=\"Est. reading time\" \/>\n\t<meta name=\"twitter:data1\" content=\"5 minut\" \/>\n<script type=\"application\/ld+json\" class=\"yoast-schema-graph\">{\"@context\":\"https:\/\/schema.org\",\"@graph\":[{\"@type\":\"WebPage\",\"@id\":\"https:\/\/conorsadventure.si\/blog\/zacetek-bloga\/\",\"url\":\"https:\/\/conorsadventure.si\/blog\/zacetek-bloga\/\",\"name\":\"Za\u010detek bloga - Conor&#039;s Adventure\",\"isPartOf\":{\"@id\":\"https:\/\/conorsadventure.si\/blog\/#website\"},\"datePublished\":\"2020-09-08T09:15:51+00:00\",\"dateModified\":\"2023-03-16T20:19:44+00:00\",\"breadcrumb\":{\"@id\":\"https:\/\/conorsadventure.si\/blog\/zacetek-bloga\/#breadcrumb\"},\"inLanguage\":\"sl-SI\",\"potentialAction\":[{\"@type\":\"ReadAction\",\"target\":[\"https:\/\/conorsadventure.si\/blog\/zacetek-bloga\/\"]}]},{\"@type\":\"BreadcrumbList\",\"@id\":\"https:\/\/conorsadventure.si\/blog\/zacetek-bloga\/#breadcrumb\",\"itemListElement\":[{\"@type\":\"ListItem\",\"position\":1,\"name\":\"Home\",\"item\":\"https:\/\/conorsadventure.si\/blog\/\"},{\"@type\":\"ListItem\",\"position\":2,\"name\":\"Za\u010detek bloga\"}]},{\"@type\":\"WebSite\",\"@id\":\"https:\/\/conorsadventure.si\/blog\/#website\",\"url\":\"https:\/\/conorsadventure.si\/blog\/\",\"name\":\"Conor&#039;s Adventure\",\"description\":\"Oprema, ki povezuje\",\"potentialAction\":[{\"@type\":\"SearchAction\",\"target\":{\"@type\":\"EntryPoint\",\"urlTemplate\":\"https:\/\/conorsadventure.si\/blog\/?s={search_term_string}\"},\"query-input\":\"required name=search_term_string\"}],\"inLanguage\":\"sl-SI\"}]}<\/script>\n<!-- \/ Yoast SEO plugin. -->","yoast_head_json":{"title":"Za\u010detek bloga - Conor&#039;s Adventure","robots":{"index":"index","follow":"follow","max-snippet":"max-snippet:-1","max-image-preview":"max-image-preview:large","max-video-preview":"max-video-preview:-1"},"canonical":"https:\/\/conorsadventure.si\/blog\/zacetek-bloga\/","og_locale":"sl_SI","og_type":"article","og_title":"Za\u010detek bloga - Conor&#039;s Adventure","og_description":"Najprej sva bila dva, z dvema rednima slu\u017ebama\u2026nato pa\u2026 Sva Primo\u017e in Pija, mlad, zaljubljen&hellip;  Beri dalje","og_url":"https:\/\/conorsadventure.si\/blog\/zacetek-bloga\/","og_site_name":"Conor&#039;s Adventure","article_modified_time":"2023-03-16T20:19:44+00:00","og_image":[{"url":"https:\/\/conorsadventure.si\/blog\/wp-content\/uploads\/2020\/09\/Mi3je-prvic-2-577x512-1.jpg"}],"twitter_card":"summary_large_image","twitter_misc":{"Est. reading time":"5 minut"},"schema":{"@context":"https:\/\/schema.org","@graph":[{"@type":"WebPage","@id":"https:\/\/conorsadventure.si\/blog\/zacetek-bloga\/","url":"https:\/\/conorsadventure.si\/blog\/zacetek-bloga\/","name":"Za\u010detek bloga - Conor&#039;s Adventure","isPartOf":{"@id":"https:\/\/conorsadventure.si\/blog\/#website"},"datePublished":"2020-09-08T09:15:51+00:00","dateModified":"2023-03-16T20:19:44+00:00","breadcrumb":{"@id":"https:\/\/conorsadventure.si\/blog\/zacetek-bloga\/#breadcrumb"},"inLanguage":"sl-SI","potentialAction":[{"@type":"ReadAction","target":["https:\/\/conorsadventure.si\/blog\/zacetek-bloga\/"]}]},{"@type":"BreadcrumbList","@id":"https:\/\/conorsadventure.si\/blog\/zacetek-bloga\/#breadcrumb","itemListElement":[{"@type":"ListItem","position":1,"name":"Home","item":"https:\/\/conorsadventure.si\/blog\/"},{"@type":"ListItem","position":2,"name":"Za\u010detek bloga"}]},{"@type":"WebSite","@id":"https:\/\/conorsadventure.si\/blog\/#website","url":"https:\/\/conorsadventure.si\/blog\/","name":"Conor&#039;s Adventure","description":"Oprema, ki povezuje","potentialAction":[{"@type":"SearchAction","target":{"@type":"EntryPoint","urlTemplate":"https:\/\/conorsadventure.si\/blog\/?s={search_term_string}"},"query-input":"required name=search_term_string"}],"inLanguage":"sl-SI"}]}},"_links":{"self":[{"href":"https:\/\/conorsadventure.si\/blog\/wp-json\/wp\/v2\/pages\/994"}],"collection":[{"href":"https:\/\/conorsadventure.si\/blog\/wp-json\/wp\/v2\/pages"}],"about":[{"href":"https:\/\/conorsadventure.si\/blog\/wp-json\/wp\/v2\/types\/page"}],"author":[{"embeddable":true,"href":"https:\/\/conorsadventure.si\/blog\/wp-json\/wp\/v2\/users\/990002"}],"replies":[{"embeddable":true,"href":"https:\/\/conorsadventure.si\/blog\/wp-json\/wp\/v2\/comments?post=994"}],"version-history":[{"count":4,"href":"https:\/\/conorsadventure.si\/blog\/wp-json\/wp\/v2\/pages\/994\/revisions"}],"predecessor-version":[{"id":5094,"href":"https:\/\/conorsadventure.si\/blog\/wp-json\/wp\/v2\/pages\/994\/revisions\/5094"}],"wp:attachment":[{"href":"https:\/\/conorsadventure.si\/blog\/wp-json\/wp\/v2\/media?parent=994"}],"curies":[{"name":"wp","href":"https:\/\/api.w.org\/{rel}","templated":true}]}}